{"id":1145,"date":"2017-03-07T10:29:41","date_gmt":"2017-03-07T09:29:41","guid":{"rendered":"https:\/\/cupcino-foundation.com\/termine\/"},"modified":"2018-10-22T12:06:05","modified_gmt":"2018-10-22T10:06:05","slug":"termine","status":"publish","type":"page","link":"https:\/\/cupcino-foundation.com\/en\/termine\/","title":{"rendered":"Termine"},"content":{"rendered":"<div class=\"wpb-content-wrapper\"><p>[vc_row][vc_column][vc_column_text]<\/p>\n<h1 style=\"text-align: center;\">Termine:<\/h1>\n<p>[\/vc_column_text][\/vc_column][\/vc_row][vc_row][vc_column width=&#8221;1\/4&#8243;][vc_single_image image=&#8221;922&#8243; alignment=&#8221;right&#8221;][\/vc_column][vc_column width=&#8221;3\/4&#8243;][vc_column_text]<\/p>\n<h2>Offizielle Eintragung als Stiftung b\u00fcrgerlichen Rechts<\/h2>\n<p>Seit dem 21. M\u00e4rz 2017 liegt uns nun die offizielle Urkunde zur Anerkennung der Stiftung vor.[\/vc_column_text][\/vc_column][\/vc_row][vc_row][vc_column width=&#8221;1\/4&#8243;][vc_single_image image=&#8221;398&#8243; alignment=&#8221;right&#8221;][\/vc_column][vc_column width=&#8221;3\/4&#8243;][vc_column_text]<\/p>\n<h2>Kickoff Veranstaltung auf der Internorga<\/h2>\n<p>Am Freitag den 17. M\u00e4rz 2017 findet auf der Internorga in Hamburg eine Pressekonferenz statt, bei der Frank Epping und Neven Subotic f\u00fcr Fragen rund um die CUP&amp;CINO Foundation zur Verf\u00fcgung stehen.[\/vc_column_text][\/vc_column][\/vc_row][vc_row][vc_column width=&#8221;1\/4&#8243; css=&#8221;.vc_custom_1489050788467{margin-top: -30px !important;}&#8221;][vc_single_image image=&#8221;710&#8243; alignment=&#8221;right&#8221;][\/vc_column][vc_column width=&#8221;3\/4&#8243;][vc_column_text]<\/p>\n<h2><\/h2>\n<h2>Start der CUP&amp;CINO Foundation<\/h2>\n<p>Gr\u00fcndung der Foundation im Dezember 2016. Offizielle Eintragung der Foundation wird f\u00fcr M\u00e4rz 2017 erwartet.[\/vc_column_text][\/vc_column][\/vc_row]<\/p>\n<\/div>","protected":false},"excerpt":{"rendered":"<p>[vc_row][vc_column][vc_column_text] Termine: [\/vc_column_text][\/vc_column][\/vc_row][vc_row][vc_column width=&#8221;1\/4&#8243;][vc_single_image image=&#8221;922&#8243; alignment=&#8221;right&#8221;][\/vc_column][vc_column width=&#8221;3\/4&#8243;][vc_column_text] Offizielle Eintragung als Stiftung b\u00fcrgerlichen Rechts Seit dem 21. M\u00e4rz 2017 liegt uns nun die offizielle Urkunde zur Anerkennung der Stiftung vor.[\/vc_column_text][\/vc_column][\/vc_row][vc_row][vc_column width=&#8221;1\/4&#8243;][vc_single_image image=&#8221;398&#8243; alignment=&#8221;right&#8221;][\/vc_column][vc_column width=&#8221;3\/4&#8243;][vc_column_text] Kickoff Veranstaltung auf der Internorga Am Freitag den 17. M\u00e4rz 2017 findet auf der Internorga in Hamburg eine Pressekonferenz statt, bei der&#8230;<\/p>\n","protected":false},"author":11,"featured_media":0,"parent":0,"menu_order":0,"comment_status":"closed","ping_status":"closed","template":"","meta":{"_exactmetrics_skip_tracking":false,"_exactmetrics_sitenote_active":false,"_exactmetrics_sitenote_note":"","_exactmetrics_sitenote_category":0,"footnotes":""},"class_list":["post-1145","page","type-page","status-publish","hentry"],"yoast_head":"<!-- This site is optimized with the Yoast SEO plugin v25.6 - https:\/\/yoast.com\/wordpress\/plugins\/seo\/ -->\n<title>Termine | CUP&amp;CINO Foundation<\/title>\n<meta name=\"description\" content=\"All current dates of the Cup &amp; Cino Foundation to keep you up to date on all our projects can be found here.\" \/>\n<meta name=\"robots\" content=\"index, follow, max-snippet:-1, max-image-preview:large, max-video-preview:-1\" \/>\n<link rel=\"canonical\" href=\"https:\/\/cupcino-foundation.com\/termine\/\" \/>\n<meta property=\"og:locale\" content=\"en_US\" \/>\n<meta property=\"og:type\" content=\"article\" \/>\n<meta property=\"og:title\" content=\"Termine | CUP&amp;CINO Foundation\" \/>\n<meta property=\"og:description\" content=\"All current dates of the Cup &amp; Cino Foundation to keep you up to date on all our projects can be found here.\" \/>\n<meta property=\"og:url\" content=\"https:\/\/cupcino-foundation.com\/termine\/\" \/>\n<meta property=\"og:site_name\" content=\"CUP&amp;CINO Foundation\" \/>\n<meta property=\"article:publisher\" content=\"https:\/\/www.facebook.com\/cupcino.de\/\" \/>\n<meta property=\"article:modified_time\" content=\"2018-10-22T10:06:05+00:00\" \/>\n<meta name=\"twitter:card\" content=\"summary_large_image\" \/>\n<meta name=\"twitter:label1\" content=\"Est. reading time\" \/>\n\t<meta name=\"twitter:data1\" content=\"1 minute\" \/>\n<script type=\"application\/ld+json\" class=\"yoast-schema-graph\">{\"@context\":\"https:\/\/schema.org\",\"@graph\":[{\"@type\":\"WebPage\",\"@id\":\"https:\/\/cupcino-foundation.com\/termine\/\",\"url\":\"https:\/\/cupcino-foundation.com\/termine\/\",\"name\":\"Termine | CUP&amp;CINO Foundation\",\"isPartOf\":{\"@id\":\"https:\/\/cupcino-foundation.com\/#website\"},\"datePublished\":\"2017-03-07T09:29:41+00:00\",\"dateModified\":\"2018-10-22T10:06:05+00:00\",\"description\":\"All current dates of the Cup & Cino Foundation to keep you up to date on all our projects can be found here.\",\"breadcrumb\":{\"@id\":\"https:\/\/cupcino-foundation.com\/termine\/#breadcrumb\"},\"inLanguage\":\"en-US\",\"potentialAction\":[{\"@type\":\"ReadAction\",\"target\":[\"https:\/\/cupcino-foundation.com\/termine\/\"]}]},{\"@type\":\"BreadcrumbList\",\"@id\":\"https:\/\/cupcino-foundation.com\/termine\/#breadcrumb\",\"itemListElement\":[{\"@type\":\"ListItem\",\"position\":1,\"name\":\"Startseite\",\"item\":\"https:\/\/cupcino-foundation.com\/en\/\"},{\"@type\":\"ListItem\",\"position\":2,\"name\":\"Termine\"}]},{\"@type\":\"WebSite\",\"@id\":\"https:\/\/cupcino-foundation.com\/#website\",\"url\":\"https:\/\/cupcino-foundation.com\/\",\"name\":\"CUP&amp;CINO Foundation\",\"description\":\"Fair Coffee World\",\"potentialAction\":[{\"@type\":\"SearchAction\",\"target\":{\"@type\":\"EntryPoint\",\"urlTemplate\":\"https:\/\/cupcino-foundation.com\/?s={search_term_string}\"},\"query-input\":{\"@type\":\"PropertyValueSpecification\",\"valueRequired\":true,\"valueName\":\"search_term_string\"}}],\"inLanguage\":\"en-US\"}]}<\/script>\n<!-- \/ Yoast SEO plugin. -->","yoast_head_json":{"title":"Termine | CUP&amp;CINO Foundation","description":"All current dates of the Cup & Cino Foundation to keep you up to date on all our projects can be found here.","robots":{"index":"index","follow":"follow","max-snippet":"max-snippet:-1","max-image-preview":"max-image-preview:large","max-video-preview":"max-video-preview:-1"},"canonical":"https:\/\/cupcino-foundation.com\/termine\/","og_locale":"en_US","og_type":"article","og_title":"Termine | CUP&amp;CINO Foundation","og_description":"All current dates of the Cup & Cino Foundation to keep you up to date on all our projects can be found here.","og_url":"https:\/\/cupcino-foundation.com\/termine\/","og_site_name":"CUP&amp;CINO Foundation","article_publisher":"https:\/\/www.facebook.com\/cupcino.de\/","article_modified_time":"2018-10-22T10:06:05+00:00","twitter_card":"summary_large_image","twitter_misc":{"Est. reading time":"1 minute"},"schema":{"@context":"https:\/\/schema.org","@graph":[{"@type":"WebPage","@id":"https:\/\/cupcino-foundation.com\/termine\/","url":"https:\/\/cupcino-foundation.com\/termine\/","name":"Termine | CUP&amp;CINO Foundation","isPartOf":{"@id":"https:\/\/cupcino-foundation.com\/#website"},"datePublished":"2017-03-07T09:29:41+00:00","dateModified":"2018-10-22T10:06:05+00:00","description":"All current dates of the Cup & Cino Foundation to keep you up to date on all our projects can be found here.","breadcrumb":{"@id":"https:\/\/cupcino-foundation.com\/termine\/#breadcrumb"},"inLanguage":"en-US","potentialAction":[{"@type":"ReadAction","target":["https:\/\/cupcino-foundation.com\/termine\/"]}]},{"@type":"BreadcrumbList","@id":"https:\/\/cupcino-foundation.com\/termine\/#breadcrumb","itemListElement":[{"@type":"ListItem","position":1,"name":"Startseite","item":"https:\/\/cupcino-foundation.com\/en\/"},{"@type":"ListItem","position":2,"name":"Termine"}]},{"@type":"WebSite","@id":"https:\/\/cupcino-foundation.com\/#website","url":"https:\/\/cupcino-foundation.com\/","name":"CUP&amp;CINO Foundation","description":"Fair Coffee World","potentialAction":[{"@type":"SearchAction","target":{"@type":"EntryPoint","urlTemplate":"https:\/\/cupcino-foundation.com\/?s={search_term_string}"},"query-input":{"@type":"PropertyValueSpecification","valueRequired":true,"valueName":"search_term_string"}}],"inLanguage":"en-US"}]}},"_links":{"self":[{"href":"https:\/\/cupcino-foundation.com\/en\/wp-json\/wp\/v2\/pages\/1145"}],"collection":[{"href":"https:\/\/cupcino-foundation.com\/en\/wp-json\/wp\/v2\/pages"}],"about":[{"href":"https:\/\/cupcino-foundation.com\/en\/wp-json\/wp\/v2\/types\/page"}],"author":[{"embeddable":true,"href":"https:\/\/cupcino-foundation.com\/en\/wp-json\/wp\/v2\/users\/11"}],"replies":[{"embeddable":true,"href":"https:\/\/cupcino-foundation.com\/en\/wp-json\/wp\/v2\/comments?post=1145"}],"version-history":[{"count":1,"href":"https:\/\/cupcino-foundation.com\/en\/wp-json\/wp\/v2\/pages\/1145\/revisions"}],"predecessor-version":[{"id":1447,"href":"https:\/\/cupcino-foundation.com\/en\/wp-json\/wp\/v2\/pages\/1145\/revisions\/1447"}],"wp:attachment":[{"href":"https:\/\/cupcino-foundation.com\/en\/wp-json\/wp\/v2\/media?parent=1145"}],"curies":[{"name":"wp","href":"https:\/\/api.w.org\/{rel}","templated":true}]}}